{"id":162,"date":"2016-05-29T09:16:38","date_gmt":"2016-05-29T09:16:38","guid":{"rendered":"http:\/\/beautyfarm.co.at\/cms\/?page_id=162"},"modified":"2023-09-13T04:51:57","modified_gmt":"2023-09-13T04:51:57","slug":"kosmetik","status":"publish","type":"page","link":"https:\/\/beautyfarm.co.at\/cms\/?page_id=162","title":{"rendered":"Kosmetik"},"content":{"rendered":"<h1><img decoding=\"async\" class=\"size-full wp-image-328 alignright\" src=\"https:\/\/beautyfarm.co.at\/cms\/cms\/wp-content\/uploads\/2016\/05\/ID-100406966.jpg\" alt=\"ID-100406966\" width=\"400\" height=\"266\" srcset=\"https:\/\/beautyfarm.co.at\/cms\/wp-content\/uploads\/2016\/05\/ID-100406966.jpg 400w, https:\/\/beautyfarm.co.at\/cms\/wp-content\/uploads\/2016\/05\/ID-100406966-300x200.jpg 300w\" sizes=\"(max-width: 400px) 100vw, 400px\" \/><\/h1>\n<h1>Kosmetik f\u00fcr Sie und Ihn<\/h1>\n<h4>Professionelle Fachberatung, Hautdiagnose<br \/>\nund Behandlung mit den richtigen Produkten.<\/h4>\n<hr \/>\n<h1>Kosmetik Einzelbehandlungen<\/h1>\n<p>Gesichtspeeling, Augenbrauen f\u00e4rben, Wimpern f\u00e4rben, Augenbrauen fassonieren, Augenpflegebehandlung, K\u00f6rperpeeling, Tiefenreinigung, Tages-Make-Up, Abend-Make-Up<\/p>\n<hr class=\"line\" \/>\n<h1>Ice Facer<img decoding=\"async\" class=\" wp-image-389 alignright\" src=\"https:\/\/beautyfarm.co.at\/cms\/cms\/wp-content\/uploads\/2016\/05\/ef-1024x605.png\" alt=\"\" width=\"641\" height=\"379\" srcset=\"https:\/\/beautyfarm.co.at\/cms\/wp-content\/uploads\/2016\/05\/ef-1024x605.png 1024w, https:\/\/beautyfarm.co.at\/cms\/wp-content\/uploads\/2016\/05\/ef-300x177.png 300w, https:\/\/beautyfarm.co.at\/cms\/wp-content\/uploads\/2016\/05\/ef-768x454.png 768w, https:\/\/beautyfarm.co.at\/cms\/wp-content\/uploads\/2016\/05\/ef.png 1200w\" sizes=\"(max-width: 641px) 100vw, 641px\" \/><\/h1>\n<h4>Schnell und well Blitzstraffung<\/h4>\n<hr \/>\n<p>Arbeiten am Bildschirm, Schlafmangel, Stress und klimatisierte R\u00e4ume machen Haut und Augen oftmals schwer zu schaffen. Dagegen k\u00f6nnen Sie etwas tun! Das Einmassieren von Wirkstoffampullen mit dem Eis Facer ist eine Wohltat f\u00fcr Gesicht und Augen.<\/p>\n<hr class=\"line\" \/>\n<h1><\/h1>\n<section class=\"container                         \" id=\"c4323\">\n<div class=\"ce_headline\">\n<h2 class=\"  headline   smallmarginbottom \">Peptid Power-Lifting<\/h2>\n<div class=\"subheadline\">Erlebnistreatment mit intensiver Wirkung.<\/div>\n<\/div>\n<p>Falten, Schuppungen, R\u00f6tungen, Sonnensch\u00e4den? Mit der erfrischenden Gesichtsbehandlung erlebst du in der Kosmetikkabine eine einzigartige Kombination von Sommerkosmetik: Pr\u00e4ventiver Sonnenschutz und Abhilfe bei Sonnensch\u00e4den.<\/p>\n<div class=\" col-12 col-lg-6\">\n<div class=\"ce_headline\">\n<h2 class=\"  headline   h1 \">Prevent &amp; repair<\/h2>\n<div class=\"subheadline\">Verj\u00fcngen. Erfrischen. Versiegeln.<\/div>\n<\/div>\n<p>Das Treatment startet mit einer gr\u00fcndlichen Hautreinigung, einem fruchtig-duftenden Frischekick, der dank Aloe Vera die Feuchtigkeitsversorgung ankurbelt. Der Teint wird anschlie\u00dfend mit aktivierenden Power-Peptiden geflutet. Eine spezielle Lifting-Auftragetechnik garantiert intensive Straffung. Edelwei\u00df stabilisiert die Gef\u00e4\u00dfe und minimiert R\u00f6tungen. Die Haut erscheint beruhigt, ebenm\u00e4\u00dfig und glatt.<\/p>\n<\/div>\n<\/section>\n<h1><\/h1>\n<h1>Aquabration<\/h1>\n<div class=\"csc-header csc-header-n2\">\n<h4>Intensive Sch\u00e4lung mit sanfter Wasserkraft<\/h4>\n<\/div>\n<hr \/>\n<p><img decoding=\"async\" class=\" wp-image-191 alignleft\" src=\"https:\/\/beautyfarm.co.at\/cms\/cms\/wp-content\/uploads\/2016\/05\/meso1.jpg\" alt=\"SM Aquabration_Layout 1\" width=\"250\" height=\"268\" srcset=\"https:\/\/beautyfarm.co.at\/cms\/wp-content\/uploads\/2016\/05\/meso1.jpg 625w, https:\/\/beautyfarm.co.at\/cms\/wp-content\/uploads\/2016\/05\/meso1-280x300.jpg 280w\" sizes=\"(max-width: 250px) 100vw, 250px\" \/><\/p>\n<div class=\"focus content\">\n<div id=\"c70\" class=\"csc-default\">\n<div class=\"csc-textpic-text\">\n<h2><b>Beruhigend sicher<\/b><\/h2>\n<p class=\"bodytext\">Im Laufe der Zeit sammelt sich einiges an der Hautoberfl\u00e4che an. Der Teint verdickt, wirkt unsauber, faltig und \u00e4lter. Endlich kann man schnell und auf wohltuende Art das Gesicht fein sch\u00e4len.\u00a0Mit Aquabration. Beruhigend sicher im Kosmetikstudio.<\/p>\n<\/div>\n<\/div>\n<\/div>\n<h2>Letzter Schliff f\u00fcr glatte Haut<\/h2>\n<p class=\"bodytext\">Das sanfte Abschleifen macht nach und nach Teint, Hals und Dekollet\u00e9 feiner und ebenm\u00e4\u00dfiger. Gemildert werden kleine F\u00e4ltchen, gro\u00dfe Poren und Pigmentunregelm\u00e4\u00dfigkeiten.<\/p>\n<p><b>Hydromassage<\/b><\/p>\n<p class=\"bodytext\"><img decoding=\"async\" class=\"size-full wp-image-188 aligncenter\" src=\"https:\/\/beautyfarm.co.at\/cms\/cms\/wp-content\/uploads\/2016\/05\/meso4.jpg\" alt=\"SM Aquabration_Layout 1\" width=\"625\" height=\"588\" srcset=\"https:\/\/beautyfarm.co.at\/cms\/wp-content\/uploads\/2016\/05\/meso4.jpg 625w, https:\/\/beautyfarm.co.at\/cms\/wp-content\/uploads\/2016\/05\/meso4-300x282.jpg 300w\" sizes=\"(max-width: 625px) 100vw, 625px\" \/><\/p>\n<p>Die Behandlung wird erg\u00e4nzt durch eine wohltuende Hydromassage zur Durchblutung der Gewebe, gegen Verspannungen mit massierendem Wasserdruck.<br \/>\nDie so gut vorbereitete Haut kann jetzt leichter regenerierende Wirkstoffe aufnehmen.<\/p>\n<div class=\"csc-textpic-text\">\n<div>\n<blockquote>\n<p class=\"bodytext\">Radikale Hautsch\u00e4lung, aber sehr angenehm. Fr\u00fcher war Hautsch\u00e4lung eine unangenehme Sache. Heute wird der Teint sehr sanft von Ablagerungen befreit. Aquabration holt mit einem Aufrauer, Wasserdruck, Vakuumtechnik und Enzymen all das von Gesicht was st\u00f6rt: Verhornungen, Krusten, Unreinheiten, Schuppen.<\/p>\n<p class=\"bodytext\">Schon nach 20 Minuten kommt ein klares und viel ebenm\u00e4\u00dfigeres Hautbild zum Vorschein. Ohne Sand, ohne Kristalle, ohne Chemie: Sanus per aquam-SPA in neuer Form.<\/p>\n<\/blockquote>\n<\/div>\n<\/div>\n<p><img decoding=\"async\" class=\"size-full wp-image-189 alignnone\" src=\"https:\/\/beautyfarm.co.at\/cms\/cms\/wp-content\/uploads\/2016\/05\/meso3.jpg\" alt=\"SM Aquabration_Layout 1\" width=\"625\" height=\"648\" srcset=\"https:\/\/beautyfarm.co.at\/cms\/wp-content\/uploads\/2016\/05\/meso3.jpg 625w, https:\/\/beautyfarm.co.at\/cms\/wp-content\/uploads\/2016\/05\/meso3-289x300.jpg 289w\" sizes=\"(max-width: 625px) 100vw, 625px\" \/><\/p>\n<p><img decoding=\"async\" class=\"size-full wp-image-190 alignnone\" src=\"https:\/\/beautyfarm.co.at\/cms\/cms\/wp-content\/uploads\/2016\/05\/meso2.jpg\" alt=\"SM Aquabration_Layout 1\" width=\"625\" height=\"645\" srcset=\"https:\/\/beautyfarm.co.at\/cms\/wp-content\/uploads\/2016\/05\/meso2.jpg 625w, https:\/\/beautyfarm.co.at\/cms\/wp-content\/uploads\/2016\/05\/meso2-291x300.jpg 291w\" sizes=\"(max-width: 625px) 100vw, 625px\" \/><\/p>\n<hr class=\"line\" \/>\n<h1>Radio Frequenz<\/h1>\n<hr \/>\n<p><img decoding=\"async\" class=\"size-full wp-image-187 alignnone\" src=\"https:\/\/beautyfarm.co.at\/cms\/cms\/wp-content\/uploads\/2016\/05\/meso5.jpg\" alt=\"116_Ber.Radio Frequenz_Layout 1\" width=\"625\" height=\"877\" srcset=\"https:\/\/beautyfarm.co.at\/cms\/wp-content\/uploads\/2016\/05\/meso5.jpg 625w, https:\/\/beautyfarm.co.at\/cms\/wp-content\/uploads\/2016\/05\/meso5-214x300.jpg 214w\" sizes=\"(max-width: 625px) 100vw, 625px\" \/><\/p>\n<hr class=\"line\" \/>\n<h1>\u00a0Enthaarung<\/h1>\n<hr \/>\n<p style=\"padding-left: 30px;\">Beine ganz, Unterschenkel, Bikinizone, Achsel, Arme, Gesicht, R\u00fccken oder Brust, Augenbrauen, Oberlippen<\/p>\n<h2>Dauerhafte Haarentfernung<\/h2>\n<p><img decoding=\"async\" class=\"size-full wp-image-201 aligncenter\" src=\"https:\/\/beautyfarm.co.at\/cms\/cms\/wp-content\/uploads\/2016\/05\/epi.jpg\" alt=\"Microsoft Word - Flyer IPL\" width=\"500\" height=\"726\" srcset=\"https:\/\/beautyfarm.co.at\/cms\/wp-content\/uploads\/2016\/05\/epi.jpg 500w, https:\/\/beautyfarm.co.at\/cms\/wp-content\/uploads\/2016\/05\/epi-207x300.jpg 207w\" sizes=\"(max-width: 500px) 100vw, 500px\" \/><\/p>\n<p><em>Nie wieder rasieren, wachsen oder epilieren!<\/em><\/p>\n<p><strong>Was bedeutet eigentlich permanente Haarentfernung?<\/strong><\/p>\n<p>So simpel es kling, aber es bedeutet tats\u00e4chlich nie wieder Haare an der behandelten K\u00f6rperregion. Egal, wie Sie bisher Ihre Haare entfernt haben &#8211; nach der permanenten Haarentfernung sind Sie ein Leben lang davon befreit.<\/p>\n<p>Atos ist Spezialist f\u00fcr permanente Haarentfernung und arbeiten mit der IPL-Technik der neusten Generation. Die IPL-Technik arbeitet mit speziell abgestimmten Lichtimpulsen, die effizient zu den Haarwurzeln vordringen und die dauerhaft entfernen.<\/p>\n<p>Die Behandlung selbst, ist die derzeit wohl sanfteste Methode der permanenten Haarentfernung. Dabei k\u00f6nnen nahezu alle Hauttypen und K\u00f6rperregionen behandelt werden.<\/p>\n<p><strong>\u00dcberzeugen Sie sich selbst von der gro\u00dfartigen Wirkung!<\/strong><\/p>\n<hr class=\"line\" \/>\n<h1>Meso Beautyliftings<\/h1>\n<h4>Die Alternative zur Hautalterung<\/h4>\n<hr \/>\n<p><img decoding=\"async\" class=\" wp-image-216 alignright\" src=\"https:\/\/beautyfarm.co.at\/cms\/cms\/wp-content\/uploads\/2016\/05\/meso1-1.jpg\" alt=\"meso1\" width=\"358\" height=\"473\" srcset=\"https:\/\/beautyfarm.co.at\/cms\/wp-content\/uploads\/2016\/05\/meso1-1.jpg 428w, https:\/\/beautyfarm.co.at\/cms\/wp-content\/uploads\/2016\/05\/meso1-1-227x300.jpg 227w\" sizes=\"(max-width: 358px) 100vw, 358px\" \/><\/p>\n<p class=\"csc-firstHeader\">Zuerst sind es kleine F\u00e4ltchen, die mahnen: Aufwachen und der Realit\u00e4t ins Gesicht scha uen! Feuchtigkeitsarmut kann die Haut austrocknen, Stress, \u00c4rger, Kummer graben oft tiefe Falten ins<\/p>\n<p class=\"csc-firstHeader\">Gewebe.<\/p>\n<p class=\"csc-firstHeader\">Wenn wir zu h\u00e4ufig die Stirn runzeln oder die Augen als Schutz vor der Sonne zusammenkneifen, entstehen Verh\u00e4rtungen und Mimikfalten.<\/p>\n<p class=\"csc-firstHeader\"><em>Das Te<\/em><em>mpo bremsen. Die Spuren der Zeit tilgen.<\/em><\/p>\n<p class=\"csc-firstHeader\">Es sind nicht nur die Falten, die uns \u00e4lter aussehen lassen. Sonne, K\u00e4lte und freie Radikale hinterlassen ebenfalls Spuren im Gesicht: Verhornungen, Hautkrusten, R\u00f6tungen, Altersflecke.<\/p>\n<p class=\"csc-firstHeader\">Wer nicht aufpasst, dessen Haut wird d\u00fcnner und wirkt mit der Zeit immer pergamentartiger.<\/p>\n<p class=\"csc-firstHeader\"><img decoding=\"async\" class=\"wp-image-217 alignleft\" src=\"https:\/\/beautyfarm.co.at\/cms\/cms\/wp-content\/uploads\/2016\/05\/meso.png\" alt=\"meso\" width=\"178\" height=\"171\" srcset=\"https:\/\/beautyfarm.co.at\/cms\/wp-content\/uploads\/2016\/05\/meso.png 480w, https:\/\/beautyfarm.co.at\/cms\/wp-content\/uploads\/2016\/05\/meso-300x288.png 300w\" sizes=\"(max-width: 178px) 100vw, 178px\" \/><span style=\"color: #999999;\"><strong>Resultate<\/strong><\/span><\/p>\n<div class=\"csc-textpic-text\">\n<p class=\"bodytext\"><span style=\"color: #999999;\">Eine komplette Beautykur kann Ihre Haut um sechs, acht oder mehr als zehn Jahre j\u00fcnger wirken lassen. Die Ergebnisse h\u00e4ngen von Hauttyp, Alter und Zeitintervallen der Einzelsitzungen ab. <\/span><\/p>\n<p class=\"bodytext\"><span style=\"color: #999999;\">Eine abgestimmte Hautpflege zu Hause ist f\u00fcr die Langzeitwirkung unerl\u00e4sslich.<\/span><\/p>\n<\/div>\n<div>\n<hr \/>\n<\/div>\n<h1>Bio-Face<\/h1>\n<div>Verbessern des gesamten Hautbildes. Straffung der Haut, bindegewebest\u00e4rkend, Impulse f\u00fcr den Zellenaustausch, uvm.<\/div>\n<div>\n<hr \/>\n<h1>66 &#8211; Serie<\/h1>\n<\/div>\n<h2>Die 5 Geheimnise einer sch\u00f6nen Haut<\/h2>\n<div><\/div>\n<div>Schwache Gene, starke Pflege<\/div>\n<div>Jedem sind unterschiedliche Gene in die Wiege gelegt. Dieses Geschenk der Natur will geh\u00fctet und gehegt werden. Wer genetisch suboptimal bedacht wurde, muss seiner Haut ein bisschen mehr helfen, denn sie hat t\u00e4glich Schwerstarbeit zu leisten.<\/div>\n<div><\/div>\n<div>\n<hr \/>\n<\/div>\n<div>Die Haut hat der den ganzen Organismus unendlich viele Funktionen zu erf\u00fcllen, als:<\/div>\n<ul>\n<li>Schutzorgan<\/li>\n<li>Immunorgang<\/li>\n<li>Speicherorgan<\/li>\n<li>Ausscheidungsorgan<\/li>\n<li>Aufnahmeorgan Sinnesorgan<\/li>\n<\/ul>\n<div>\n<hr \/>\n<\/div>\n<div><\/div>\n<div>Beauty-Geheimnisse entdecken, die Sch\u00f6nheit erhalten und gestalten durch<\/div>\n<div><\/div>\n<ul>\n<li>sorgsame, perfekte Pflege<\/li>\n<li>Schutz vor Gefahren und Belastungen<\/li>\n<li>optimale Anregung der Durchblutung<\/li>\n<li>aktive Sauerstoffversorgung<\/li>\n<li>plus N\u00e4hrstoffhilfe<img decoding=\"async\" class=\"alignnone size-full wp-image-684\" src=\"https:\/\/beautyfarm.co.at\/cms\/cms\/wp-content\/uploads\/2016\/05\/WhatsApp-Image-2021-03-27-at-10.20.38.jpeg\" alt=\"\" width=\"502\" height=\"468\" srcset=\"https:\/\/beautyfarm.co.at\/cms\/wp-content\/uploads\/2016\/05\/WhatsApp-Image-2021-03-27-at-10.20.38.jpeg 502w, https:\/\/beautyfarm.co.at\/cms\/wp-content\/uploads\/2016\/05\/WhatsApp-Image-2021-03-27-at-10.20.38-300x280.jpeg 300w\" sizes=\"(max-width: 502px) 100vw, 502px\" \/><\/li>\n<\/ul>\n","protected":false},"excerpt":{"rendered":"<p>Kosmetik f\u00fcr Sie und Ihn Professionelle Fachberatung, Hautdiagnose und Behandlung mit den richtigen Produkten. Kosmetik Einzelbehandlungen Gesichtspeeling, Augenbrauen f\u00e4rben, Wimpern f\u00e4rben, Augenbrauen fassonieren, Augenpflegebehandlung, K\u00f6rperpeeling, Tiefenreinigung, Tages-Make-Up, Abend-Make-Up Ice Facer Schnell und well Blitzstraffung Arbeiten am Bildschirm, Schlafmangel, Stress und klimatisierte R\u00e4ume machen Haut und Augen oftmals schwer zu schaffen. [&hellip;]<\/p>\n","protected":false},"author":1,"featured_media":0,"parent":0,"menu_order":7,"comment_status":"closed","ping_status":"closed","template":"","meta":{"footnotes":""},"_links":{"self":[{"href":"https:\/\/beautyfarm.co.at\/cms\/index.php?rest_route=\/wp\/v2\/pages\/162"}],"collection":[{"href":"https:\/\/beautyfarm.co.at\/cms\/index.php?rest_route=\/wp\/v2\/pages"}],"about":[{"href":"https:\/\/beautyfarm.co.at\/cms\/index.php?rest_route=\/wp\/v2\/types\/page"}],"author":[{"embeddable":true,"href":"https:\/\/beautyfarm.co.at\/cms\/index.php?rest_route=\/wp\/v2\/users\/1"}],"replies":[{"embeddable":true,"href":"https:\/\/beautyfarm.co.at\/cms\/index.php?rest_route=%2Fwp%2Fv2%2Fcomments&post=162"}],"version-history":[{"count":106,"href":"https:\/\/beautyfarm.co.at\/cms\/index.php?rest_route=\/wp\/v2\/pages\/162\/revisions"}],"predecessor-version":[{"id":844,"href":"https:\/\/beautyfarm.co.at\/cms\/index.php?rest_route=\/wp\/v2\/pages\/162\/revisions\/844"}],"wp:attachment":[{"href":"https:\/\/beautyfarm.co.at\/cms\/index.php?rest_route=%2Fwp%2Fv2%2Fmedia&parent=162"}],"curies":[{"name":"wp","href":"https:\/\/api.w.org\/{rel}","templated":true}]}}